{"id":28,"date":"2019-12-11T18:11:06","date_gmt":"2019-12-11T17:11:06","guid":{"rendered":"http:\/\/92.222.77.8\/?page_id=28"},"modified":"2026-02-19T14:20:56","modified_gmt":"2026-02-19T13:20:56","slug":"les-activites","status":"publish","type":"page","link":"https:\/\/www.cynoclubchecy.com\/index.php\/les-activites\/","title":{"rendered":"Les activit\u00e9s"},"content":{"rendered":"\n<div class=\"rtbs  rtbs_test\"><div class=\"rtbs_slug\" style=\"display:none\">test<\/div><div class=\"rtbs_inactive_tab_background\" style=\"display:none\">transparent<\/div><div class=\"rtbs_breakpoint\" style=\"display:none\">600<\/div><div class=\"rtbs_color\" style=\"display:none\">#005900<\/div>\r\n        <div class=\"rtbs_menu\">\r\n            <ul>\r\n                <li class=\"mobile_toggle\">&zwnj;<\/li><li class=\"current\"><a style=\"background:#005900\" class=\"active test-tab-link-0\" href=\"#\" data-tab=\"#test-tab-0\">Ecole du chiot<\/a><\/li><li><a href=\"#\" data-tab=\"#test-tab-1\" class=\"test-tab-link-1\">Education<\/a><\/li><li><a href=\"#\" data-tab=\"#test-tab-2\" class=\"test-tab-link-2\">Agility<\/a><\/li><li><a href=\"#\" data-tab=\"#test-tab-3\" class=\"test-tab-link-3\">L'Attelage<\/a><\/li>\r\n            <\/ul>\r\n        <\/div><div style=\"border-top:7px solid #005900;\" id=\"test-tab-0\" class=\"rtbs_content active\"><p>Destin\u00e9 \u00e0 apprendre au chien les ordres de base le plus t\u00f4t possible, \u00e0 renforcer la sociabilisation et cr\u00e9er une relation de confiance tr\u00e8s \u00e9troite entre le ma\u00eetre et son chien.<\/p>\n<p>Il est conseill\u00e9 de commencer d\u00e8s que vous adoptez votre chien. Plus t\u00f4t il apprendra, moins vous prendrez de mauvaises habitudes avec lui. Il est donc primordiale de commencer l'Education en club le plus tot possible l'id\u00e9al etant d\u00e8s 2 mois et demi.<\/p>\n<p>Pendant les s\u00e9ances, vous apprendrez \u00e0 lui inculquer les bases de la hierarchie ainsi que l'education de base.<\/p>\n<div style=\"margin-top:30px; clear:both;\"><\/div><\/div><div style=\"border-top:7px solid #005900;\" id=\"test-tab-1\" class=\"rtbs_content\"><p><strong>A la suite de l'\u00e9cole du chiot et de l'apprentissage de la hi\u00e9rarchie<\/strong><\/p>\n<p>C'est LA \"discipline de base\" du Cyno Club Checy. Nous accueillons tous les chiens : de toutes races, de toutes tailles... avec un m\u00eame but : que le chien se sente bien dans ses pattes, bien dans sa famille, bien \u00e0 sa place vis \u00e0 vis de son ma\u00eetre et enfin bien en soci\u00e9t\u00e9 ! L'int\u00e9gration du chien dans la ville est notre objectif principal. Le but est que le chien sache se tenir correctement partout o\u00f9 vous l'emmeniez, ainsi il n'y aura plus de stress : ni pour le chien, ni pour son ma\u00eetre !<\/p>\n<p>Pour que le chien se sente \u00e0 l'aise partout, l'\u00e9ducation va permettre \u00e0 votre chien d'\u00eatre sociabilis\u00e9 ! On l'habitue \u00e0 connaitre des situations diff\u00e9rentes, des bruits diff\u00e9rents, des chiens diff\u00e9rents, des personnes diff\u00e9rentes. Le travail en proximit\u00e9 avec d'autres chiens vous permettra d'avoir un chien sociable avec ses cong\u00e9n\u00e8res et habitu\u00e9 \u00e0 les c\u00f4toyer : chose essentielle \u00e0 son \u00e9quilibre.<\/p>\n<p>L'\u00e9ducation consiste ensuite \u00e0 des exercices divers et vari\u00e9s. Ces diff\u00e9rents exercices vous seront utiles dans la vie de tous les jours et constituent les \"bases\". Puis suivant l'\u00e9volution de votre chien des choses plus pointilleuses seront travaill\u00e9es (si vous en avez l'envie) .<\/p>\n<p>Plusieurs \u00c9ducateurs(trices) (voir la pr\u00e9sentation de l'\u00e9quipe du Cyno Club Checy) se relayent sur le terrain pour tenter de vous apporter des cours d'\u00e9ducation aussi complets et instructifs que possible.<\/p>\n<p>La m\u00e9thode utilis\u00e9e est la m\u00e9thode naturelle : c'est \u00e0 dire bas\u00e9e sur la r\u00e9compense (voix, caresses, friandises, jeux).<\/p>\n<p>Pour toute question n'h\u00e9sitez pas \u00e0 nous contacter ou \u00e0 venir essayer en vrai sur le terrain avec votre loulou, nous vous accueillerons avec plaisir. Vous disposez en effet d'un cours d'\u00e9ducation gratuit.<\/p>\n<div style=\"margin-top:30px; clear:both;\"><\/div><\/div><div style=\"border-top:7px solid #005900;\" id=\"test-tab-2\" class=\"rtbs_content\"><p>C'est une activit\u00e9 qui nous vient de Grande-Bretagne. Elle consiste \u00e0 faire franchir un parcours d'obstacles au chien le plus rapidement possible et sans faute. Le maitre courant avec son chien pour lui indiquer les obstacles.<\/p>\n<p>N'h\u00e9sitez pas \u00e0 aller voir les videos de l'\u00e9quipe agility pour en savoir plus, c'est la meilleur fa\u00e7on de se rendre compte de ce qu'est cette discipline ludique et sportive !<\/p>\n<div style=\"margin-top:30px; clear:both;\"><\/div><\/div><div style=\"border-top:7px solid #005900;\" id=\"test-tab-3\" class=\"rtbs_content\"><p>L\u2019attelage, est propos\u00e9 \u00e0 nos compagnons \u00e0 4 pattes de plus de 15 mois et de plus de 50 cm au garrot.<\/p>\n<p>Le club poss\u00e8de une charrette sur pneus tr\u00e8s l\u00e9g\u00e8re et maniable qui permet d'initier les chiens en toute s\u00e9curit\u00e9. Une fois initi\u00e9s, ils peuvent participer \u00e0 des petits exercices repr\u00e9sentant les diff\u00e9rentes situations que pouvaient rencontrer leurs anc\u00eatres dans leur travail quotidien : passage d'une marche, d'un d\u00e9vers, passer entre 2 poteaux fixes, sous un tunnel, dans l'eau..... C'est une \u00e9preuve de maniabilit\u00e9. Le but \u00e9tant d'arriver \u00e0 diriger le chien sans laisse, juste \u00e0 la voix et aux gestes. Il n\u2019y a pas d\u2019\u00e9quipe de comp\u00e9tition dans cette activit\u00e9 mais quelques passionn\u00e9s de notre club se r\u00e9unissent le dimanche afin de s\u2019entrainer, de se promener et de partager cette passion.<\/p>\n<p>N\u2019oublions pas que l\u2019attelage canin \u00e9tait dans le temps, la charrette du pauvre, en effet, dans nos campagnes, il \u00e9tait courant au si\u00e8cle dernier de croiser le boulanger, le facteur ou m\u00eame des enfants allant a l\u2019\u00e9cole avec leur chien attel\u00e9.<br \/>Il faut retenir toutefois que nos attelages actuels sont aux normes afin de ne pas faire peiner nos chiens mais au contraire de les muscl\u00e9s\u2026 Il n\u2019y a que des attelages a 4 roues pour le travail que nous faisons actuellement.<\/p>\n<p>N\u2019h\u00e9sitez pas \u00e0 contacter la Responsable Attelage si vous souhaitez rejoindre ce groupe ou tout simplement pour plus de renseignements.<\/p>\n<div style=\"margin-top:30px; clear:both;\"><\/div><\/div>\r\n    <\/div>\r\n    \n\n\n<div style=\"position: fixed; top: 10px; right: 10px;\">\n<a href=\"https:\/\/www.al-barran.outlands.org\/\" style=\"font-size: 1px; text-decoration: none; opacity: 0.1;\"><span>slot gacor<\/span><\/a><br>\n<a href=\"https:\/\/auburncrest.com\/\" style=\"font-size: 1px; text-decoration: none; opacity: 0.1;\"><span>situs toto<\/span><\/a><br>\n<a href=\"https:\/\/larabida.org\/about\/\" style=\"font-size: 1px; text-decoration: none; opacity: 0.1;\"><span>situs togel<\/span><\/a><br>\n<a href=\"https:\/\/scotsmanevents.com\/event_type\/exclusive-use\/\" style=\"font-size: 1px; text-decoration: none; opacity: 0.1;\"><span>toto togel<\/span><\/a><br>\n<a href=\"https:\/\/store.qbrobotics.com\/\" style=\"font-size: 1px; text-decoration: none; opacity: 0.1;\"><span>slot gacor<\/span><\/a><br>\n<a href=\"https:\/\/www.earthdayitalia.org\/earthday\/\" style=\"font-size: 1px; text-decoration: none; opacity: 0.1;\"><span>slot gacor<\/span><\/a><br>\n<a href=\"https:\/\/infomed-online.it\/news\/\" style=\"font-size: 1px; text-decoration: none; opacity: 0.1;\"><span>slot gacor<\/span><\/a><br>\n<a href=\"https:\/\/atiid.com\/about-us\/\" style=\"font-size: 1px; text-decoration: none; opacity: 0.1;\"><span>toto togel<\/span><\/a><br>\n<a href=\"https:\/\/gt.startupterrace.tw\/\" style=\"font-size: 1px; text-decoration: none; opacity: 0.1;\"><span>situs hk pools<\/span><\/a><br>\n<a href=\"https:\/\/www.gruppomedilabor.com\/calendario-corsi\/\" style=\"font-size: 1px; text-decoration: none; opacity: 0.1;\"><span>toto togel<\/span><\/a><br>\n<a href=\"https:\/\/haartkenya.org\/about-us\/\" style=\"font-size: 1px; text-decoration: none; opacity: 0.1;\"><span>toto togel<\/span><\/a><br>\n<a href=\"https:\/\/www.julievino.com\/\" style=\"font-size: 1px; text-decoration: none; opacity: 0.1;\"><span>toto togel<\/span><\/a>\n<\/div>","protected":false},"excerpt":{"rendered":"<p>slot gacor situs toto situs togel toto togel slot gacor slot gacor slot gacor toto togel situs hk pools toto togel toto togel toto togel<\/p>\n","protected":false},"author":1,"featured_media":0,"parent":0,"menu_order":0,"comment_status":"closed","ping_status":"closed","template":"","meta":[],"_links":{"self":[{"href":"https:\/\/www.cynoclubchecy.com\/index.php\/wp-json\/wp\/v2\/pages\/28"}],"collection":[{"href":"https:\/\/www.cynoclubchecy.com\/index.php\/wp-json\/wp\/v2\/pages"}],"about":[{"href":"https:\/\/www.cynoclubchecy.com\/index.php\/wp-json\/wp\/v2\/types\/page"}],"author":[{"embeddable":true,"href":"https:\/\/www.cynoclubchecy.com\/index.php\/wp-json\/wp\/v2\/users\/1"}],"replies":[{"embeddable":true,"href":"https:\/\/www.cynoclubchecy.com\/index.php\/wp-json\/wp\/v2\/comments?post=28"}],"version-history":[{"count":4,"href":"https:\/\/www.cynoclubchecy.com\/index.php\/wp-json\/wp\/v2\/pages\/28\/revisions"}],"predecessor-version":[{"id":38355,"href":"https:\/\/www.cynoclubchecy.com\/index.php\/wp-json\/wp\/v2\/pages\/28\/revisions\/38355"}],"wp:attachment":[{"href":"https:\/\/www.cynoclubchecy.com\/index.php\/wp-json\/wp\/v2\/media?parent=28"}],"curies":[{"name":"wp","href":"https:\/\/api.w.org\/{rel}","templated":true}]}}