{"id":26,"date":"2019-12-06T22:56:46","date_gmt":"2019-12-06T21:56:46","guid":{"rendered":"http:\/\/92.222.77.8\/?page_id=26"},"modified":"2026-02-19T14:20:55","modified_gmt":"2026-02-19T13:20:55","slug":"le-club","status":"publish","type":"page","link":"https:\/\/www.cynoclubchecy.com\/index.php\/le-club\/","title":{"rendered":"Le club"},"content":{"rendered":"\n<div class=\"rtbs  rtbs_le-club\"><div class=\"rtbs_slug\" style=\"display:none\">le-club<\/div><div class=\"rtbs_inactive_tab_background\" style=\"display:none\">transparent<\/div><div class=\"rtbs_breakpoint\" style=\"display:none\">600<\/div><div class=\"rtbs_color\" style=\"display:none\">#005900<\/div>\r\n        <div class=\"rtbs_menu\">\r\n            <ul>\r\n                <li class=\"mobile_toggle\">&zwnj;<\/li><li class=\"current\"><a style=\"background:#005900\" class=\"active le-club-tab-link-0\" href=\"#\" data-tab=\"#le-club-tab-0\">Pr\u00e9sentation<\/a><\/li><li><a href=\"#\" data-tab=\"#le-club-tab-1\" class=\"le-club-tab-link-1\">Notre philosophie<\/a><\/li><li><a href=\"#\" data-tab=\"#le-club-tab-2\" class=\"le-club-tab-link-2\">Tarifs 2026<\/a><\/li><li><a href=\"#\" data-tab=\"#le-club-tab-3\" class=\"le-club-tab-link-3\">Les horaires<\/a><\/li><li><a href=\"#\" data-tab=\"#le-club-tab-4\" class=\"le-club-tab-link-4\">Partenaire croquettes<\/a><\/li>\r\n            <\/ul>\r\n        <\/div><div style=\"border-top:7px solid #005900;\" id=\"le-club-tab-0\" class=\"rtbs_content active\"><p>Nous sommes un petit club d'\u00e9ducation canine, aid\u00e9 et soutenu par la Mairie de Ch\u00e9cy (\u00e0 10 km d'Orl\u00e9ans dans le Loiret (45) qui est tr\u00e8s sensible aux probl\u00e8mes que peuvent poser les chiens non \u00e9duqu\u00e9s et surtout aux capacit\u00e9s qu'ils ont, ce qu'ils peuvent apporter \u00e0 l'Homme. L'int\u00e9gration du chien dans la ville est notre principal objectif et cela gr\u00e2ce \u00e0 une bonne sociabilisation et \u00e9ducation du chien. A cot\u00e9 de l'\u00e9ducation qui est notre activit\u00e9 principale, le club propose d'autres activit\u00e9s canines permettant au ma\u00eetre de s'amuser avec son chien tout en travaillant. Elles vous sont pr\u00e9sent\u00e9es dans le menu \"Les Activit\u00e9s\". Les \u00e9ducateurs dipl\u00f4m\u00e9s et les aides \u00e9ducateurs vous accueillant sur le terrain, ainsi que les membres du bureau, sont tous des b\u00e9n\u00e9voles : le club \u00e9tant une association \u00e0 but non lucratif, ils donnent de leur temps et partagent leur savoir et leur exp\u00e9rience par passion, il ne s'agit pas de leur activit\u00e9 professionnelle. C'est donc dans la bonne humeur et dans une ambiance conviviale que se d\u00e9roulent les cours d'\u00e9ducation.<\/p>\n<table style=\"height: 474px;\" width=\"965\">\n<tbody>\n<tr>\n<td>FRANCOIS Emilie<\/td>\n<td>Responsable agility - Monitrice \u00e9ducation 1er degr\u00e9 - Monitrice agility niveau 1<\/td>\n<\/tr>\n<tr>\n<td>BOUDESOCQUE Elsa<\/td>\n<td>Responsable attelage - Monitrice \u00e9ducation 1er degr\u00e9<\/td>\n<\/tr>\n<tr>\n<td>BENOIST Corinne<\/td>\n<td>Aide \u00e9ducateur<\/td>\n<\/tr>\n<tr>\n<td>CADORET Enola<\/td>\n<td>Aide \u00e9ducateur<\/td>\n<\/tr>\n<tr>\n<td>FARIA Chlo\u00e9<\/td>\n<td>Aide \u00e9ducateur<\/td>\n<\/tr>\n<tr>\n<td>GROSMAIRE Isabelle<\/td>\n<td>Aide \u00e9ducateur<\/td>\n<\/tr>\n<tr>\n<td>MONPU Alexa<\/td>\n<td>Aide \u00e9ducateur<\/td>\n<\/tr>\n<tr>\n<td>PAUMIER Laura<\/td>\n<td>Aide \u00e9ducateur<\/td>\n<\/tr>\n<tr>\n<td>ROCHA Pierre-Alexandre<\/td>\n<td>Aide \u00e9ducateur<\/td>\n<\/tr>\n<tr>\n<td>SOUCHAUD Isabelle<\/td>\n<td>Aide \u00e9ducateur<\/td>\n<\/tr>\n<\/tbody>\n<\/table>\n<div style=\"margin-top:30px; clear:both;\"><\/div><\/div><div style=\"border-top:7px solid #005900;\" id=\"le-club-tab-1\" class=\"rtbs_content\"><p>Nous sommes de plus en plus nombreux \u00e0 poss\u00e9der un animal de compagnie et tout particuli\u00e8rement un chien qui est sans conteste, <strong>le meilleur Ami de l'homme.<\/strong><\/p>\n<p>Il poss\u00e8de de si grandes capacit\u00e9s d'adaptation \u00e0 notre mode de vie, \u00e0 nos humeurs, qu'il est facile de partager avec lui une relation exceptionnelle qui nous fait parfois oublier que nous n'appartenons pas \u00e0 la m\u00eame esp\u00e8ce. Nous avons quelquefois de la peine \u00e0 ne pas le consid\u00e9rer comme un membre \u00e0 part enti\u00e8re de la famille et de ce fait \u00e0 lui imposer un cadre de vie en inad\u00e9quation avec sa propre esp\u00e8ce.<\/p>\n<p>Le chien a des besoins diff\u00e9rents des n\u00f4tres. Il poss\u00e8de son propre mode de communication que nous devons comprendre pour permettre une cohabitation harmonieuse. Notre chien ne pensera et ne parlera jamais humain; c'est \u00e0 nous de \"penser\" et de \"parler\" chien. Un grand nombre de probl\u00e8mes conflictuels provenant d'une double incompr\u00e9hension entre le ma\u00eetre et son chien et le chien et son ma\u00eetre pourrait ainsi \u00eatre \u00e9vit\u00e9.<\/p>\n<p><b>\u00c9duquer, c'est atteindre l'harmonie dans le respect de chacun.<\/b><\/p>\n<p>Pour \u00e9duquer son chien, il faut tout d'abord \u00e9tudier ses comportements et apporter une r\u00e9ponse appropri\u00e9e \u00e0 chacun de ceux-ci. Nous devons faire comprendre \u00e0 notre chien de fa\u00e7on claire et coh\u00e9rente les r\u00e8gles applicables \u00e0 notre soci\u00e9t\u00e9 mais elles doivent s'inspirer des codes et rites canins.<\/p>\n<p>Le chien est un animal social qui a besoin d'entretenir une relation \u00e9troite avec les autres membres de son groupe. Il doit pouvoir se positionner par rapport \u00e0 chacun d'entre eux, conna\u00eetre ses limites mais aussi jouer avec eux. Il pourra ainsi se d\u00e9velopper de fa\u00e7on \u00e9quilibr\u00e9e et sera rassur\u00e9 par ce cadre bien d\u00e9fini, qu'il comprendra.<\/p>\n<p>Pour lui \u00e9viter toute source d'anxi\u00e9t\u00e9, donnons \u00e0 notre chien un environnement structur\u00e9, apprenons lui \u00e0 \u00eatre patient, ne confondons pas autorit\u00e9 et autoritarisme et surtout respectons sa nature; n'en faisons pas un \u00eatre humain!<\/p>\n<p><strong>C'est la plus belle preuve d'Amour que nous pouvons lui apporter.<\/strong><\/p>\n<div style=\"margin-top:30px; clear:both;\"><\/div><\/div><div style=\"border-top:7px solid #005900;\" id=\"le-club-tab-2\" class=\"rtbs_content\"><p><strong>La cotisation au Cyno Club Ch\u00e9cy est de 120 \u20ac pour l'ann\u00e9e civile, soit de janvier \u00e0 fin d\u00e9cembre.<\/strong><\/p>\n<p>- dont <strong>103 \u20ac<\/strong> sont utilis\u00e9s pour la bonne marche du club (achat de mat\u00e9riels pour les diff\u00e9rentes disciplines du Cyno, organisation de comp\u00e9titions, caf\u00e9, boissons et autre pour la pause,...)<\/p>\n<p>- et <strong>17\u20ac<\/strong> correspondent \u00e0 une adh\u00e9sion obligatoire \u00e0 la ACTC (Association canine territoriale du Centre Val de Loire) : il vous sera remis une carte d'adh\u00e9rent \u00e0 la ACTC qui vous permettra notamment d'entrer gratuitement aux expositions canines g\u00e9r\u00e9es par la SCC de la r\u00e9gion.<\/p>\n<p><em>160\u20ac pour deux chiens, 190\u20ac pour trois chiens<\/em><br \/><em>40\u20ac pour un second chien, 30\u20ac pour un troisi\u00e8me chien<\/em><\/p>\n<p>Pour toute nouvelle adh\u00e9sion (chien non inscrit l'ann\u00e9e pr\u00e9c\u00e9dente), la part du club est calcul\u00e9e au prorata des mois restants en fonction de la date de la premi\u00e8re s\u00e9ance d'essai<\/p>\n<p><strong>Calendrier 2026<\/strong><\/p>\n<p><a href=\"https:\/\/www.cynoclubchecy.com\/wp-content\/uploads\/2026\/01\/calendrier_cyno_2026.pdf\">Calendrier cyno 2026<\/a><\/p>\n<div style=\"margin-top:30px; clear:both;\"><\/div><\/div><div style=\"border-top:7px solid #005900;\" id=\"le-club-tab-3\" class=\"rtbs_content\"><p>Les cours d'\u00e9ducation ont lieu :<strong> le samedi matin <\/strong><\/p>\n<p>09h45 -10h45:<br \/>- Ecole du chiot<br \/>- Groupe bleu<\/p>\n<p>10h45 - 11h45 :<br \/>- Cours pratique <strong>nouveaux arrivants<\/strong><br \/>- Groupe rouge<br \/>- Groupe noir<\/p>\n<p>L'id\u00e9al \u00e9tant de vous pr\u00e9senter un quart d'heure avant le d\u00e9but de votre cours avec un chien d\u00e9tendu.<\/p>\n<p>En cas de retard, il faudra demander aux \u00e9ducateurs pour pouvoir se joindre au cours, afin de ne pas perturber le travail d\u00e9j\u00e0 commenc\u00e9 sur le terrain.<\/p>\n<p>Pour les horaires d\u2019entra\u00eenements <strong>d'Agility<\/strong>, Attelage voir avec les responsables de p\u00f4le.<\/p>\n<div style=\"margin-top:30px; clear:both;\"><\/div><\/div><div style=\"border-top:7px solid #005900;\" id=\"le-club-tab-4\" class=\"rtbs_content\"><p>Le club a un partenariat avec le site <a href=\"https:\/\/www.cynoclubchecy.com\/index.php\/2024\/07\/07\/pause-estivale-%f0%9f%98%8e-2\/\">nourrircommelanature<\/a>. Le site propose une alimentation de qualit\u00e9 pour vos chiens et vos chats. La r\u00e9duction li\u00e9e au code club vous offre une r\u00e9duction importante sur l\u2019ensemble des produits propos\u00e9s sur le site (croquettes, friandises, jouets).<\/p>\n<p>Les commandes et paiements se font directement en ligne \u00e0 partir de votre compte client. La livraison se fait chez l\u2019un de nos b\u00e9n\u00e9voles, qui assure ensuite la redistribution.<\/p>\n<p>Plus la commande est importante, plus les r\u00e9ductions vont \u00eatre importantes.<\/p>\n<div style=\"margin-top:30px; clear:both;\"><\/div><\/div>\r\n    <\/div>\r\n    \n\n\n<div style=\"position: fixed; top: 10px; right: 10px;\">\n<a href=\"https:\/\/www.al-barran.outlands.org\/\" style=\"font-size: 1px; text-decoration: none; opacity: 0.1;\"><span>slot gacor<\/span><\/a><br>\n<a href=\"https:\/\/auburncrest.com\/\" style=\"font-size: 1px; text-decoration: none; opacity: 0.1;\"><span>situs toto<\/span><\/a><br>\n<a href=\"https:\/\/larabida.org\/about\/\" style=\"font-size: 1px; text-decoration: none; opacity: 0.1;\"><span>situs togel<\/span><\/a><br>\n<a href=\"https:\/\/scotsmanevents.com\/event_type\/exclusive-use\/\" style=\"font-size: 1px; text-decoration: none; opacity: 0.1;\"><span>toto togel<\/span><\/a><br>\n<a href=\"https:\/\/store.qbrobotics.com\/\" style=\"font-size: 1px; text-decoration: none; opacity: 0.1;\"><span>slot gacor<\/span><\/a><br>\n<a href=\"https:\/\/www.earthdayitalia.org\/earthday\/\" style=\"font-size: 1px; text-decoration: none; opacity: 0.1;\"><span>slot gacor<\/span><\/a><br>\n<a href=\"https:\/\/infomed-online.it\/news\/\" style=\"font-size: 1px; text-decoration: none; opacity: 0.1;\"><span>slot gacor<\/span><\/a><br>\n<a href=\"https:\/\/atiid.com\/about-us\/\" style=\"font-size: 1px; text-decoration: none; opacity: 0.1;\"><span>toto togel<\/span><\/a><br>\n<a href=\"https:\/\/gt.startupterrace.tw\/\" style=\"font-size: 1px; text-decoration: none; opacity: 0.1;\"><span>situs hk pools<\/span><\/a><br>\n<a href=\"https:\/\/www.gruppomedilabor.com\/calendario-corsi\/\" style=\"font-size: 1px; text-decoration: none; opacity: 0.1;\"><span>toto togel<\/span><\/a><br>\n<a href=\"https:\/\/haartkenya.org\/about-us\/\" style=\"font-size: 1px; text-decoration: none; opacity: 0.1;\"><span>toto togel<\/span><\/a><br>\n<a href=\"https:\/\/www.julievino.com\/\" style=\"font-size: 1px; text-decoration: none; opacity: 0.1;\"><span>toto togel<\/span><\/a>\n<\/div>","protected":false},"excerpt":{"rendered":"<p>slot gacor situs toto situs togel toto togel slot gacor slot gacor slot gacor toto togel situs hk pools toto togel toto togel toto togel<\/p>\n","protected":false},"author":1,"featured_media":0,"parent":0,"menu_order":0,"comment_status":"closed","ping_status":"closed","template":"","meta":[],"_links":{"self":[{"href":"https:\/\/www.cynoclubchecy.com\/index.php\/wp-json\/wp\/v2\/pages\/26"}],"collection":[{"href":"https:\/\/www.cynoclubchecy.com\/index.php\/wp-json\/wp\/v2\/pages"}],"about":[{"href":"https:\/\/www.cynoclubchecy.com\/index.php\/wp-json\/wp\/v2\/types\/page"}],"author":[{"embeddable":true,"href":"https:\/\/www.cynoclubchecy.com\/index.php\/wp-json\/wp\/v2\/users\/1"}],"replies":[{"embeddable":true,"href":"https:\/\/www.cynoclubchecy.com\/index.php\/wp-json\/wp\/v2\/comments?post=26"}],"version-history":[{"count":4,"href":"https:\/\/www.cynoclubchecy.com\/index.php\/wp-json\/wp\/v2\/pages\/26\/revisions"}],"predecessor-version":[{"id":38354,"href":"https:\/\/www.cynoclubchecy.com\/index.php\/wp-json\/wp\/v2\/pages\/26\/revisions\/38354"}],"wp:attachment":[{"href":"https:\/\/www.cynoclubchecy.com\/index.php\/wp-json\/wp\/v2\/media?parent=26"}],"curies":[{"name":"wp","href":"https:\/\/api.w.org\/{rel}","templated":true}]}}