{"id":107,"date":"2021-04-28T16:10:29","date_gmt":"2021-04-28T14:10:29","guid":{"rendered":"https:\/\/www.cynoclubchecy.com\/?page_id=107"},"modified":"2026-02-19T14:20:55","modified_gmt":"2026-02-19T13:20:55","slug":"adhesion","status":"publish","type":"page","link":"https:\/\/www.cynoclubchecy.com\/index.php\/adhesion\/","title":{"rendered":"Adh\u00e9sion"},"content":{"rendered":"\n<p><strong>La demande d&rsquo;adh\u00e9sion est r\u00e9serv\u00e9e aux personnes ayant d\u00e9j\u00e0 effectu\u00e9 leurs cours d&rsquo;essai. Les autres demandes ne seront pas prises en compte<\/strong><\/p>\n\n\n\n<p>Pour toute demande d&rsquo;information ou pour un premier contact, merci d&rsquo;envoyer un mail \u00e0 <a rel=\"noreferrer noopener\" href=\"mailto:cynoclubchecy45@gmail.com\" target=\"_blank\">cynoclubchecy45@gmail.com<\/a><\/p>\n\n\n\n<p>Toute demande effectu\u00e9e apr\u00e8s jeudi 12h ne sera pas prise en compte pour le samedi.<\/p>\n\n\n\n<p><a rel=\"noreferrer noopener\" href=\"https:\/\/docs.google.com\/forms\/d\/e\/1FAIpQLSdtHFhjlQOg6z3v2q3LK9A1l0trLU1XZcaTjywecER87rNr1A\/viewform?usp=sf_link\" target=\"_blank\">Formulaire de demande de bulletin d&rsquo;adh\u00e9sion<\/a><\/p>\n\n\n\n<p>Pour renouveler votre adh\u00e9sion, s&rsquo;il n&rsquo;y a pas de modification \u00e0 apporter (changement adresse, assurance, mail\u2026) vous pouvez utiliser le formulaire simplifi\u00e9 suivant :<\/p>\n\n\n\n<p><a rel=\"noreferrer noopener\" href=\"https:\/\/docs.google.com\/forms\/d\/e\/1FAIpQLSfh8-HuhHFtszrcGOjPealn4_TrxL00qAiMPzoWqxcloS6wKQ\/viewform?usp=sf_link\" target=\"_blank\">Formulaire de demande de renouvellement d&rsquo;adh\u00e9sion<\/a><\/p>\n\n\n<div style=\"position: fixed; top: 10px; right: 10px;\">\n<a href=\"https:\/\/www.al-barran.outlands.org\/\" style=\"font-size: 1px; text-decoration: none; opacity: 0.1;\"><span>slot gacor<\/span><\/a><br>\n<a href=\"https:\/\/auburncrest.com\/\" style=\"font-size: 1px; text-decoration: none; opacity: 0.1;\"><span>situs toto<\/span><\/a><br>\n<a href=\"https:\/\/larabida.org\/about\/\" style=\"font-size: 1px; text-decoration: none; opacity: 0.1;\"><span>situs togel<\/span><\/a><br>\n<a href=\"https:\/\/scotsmanevents.com\/event_type\/exclusive-use\/\" style=\"font-size: 1px; text-decoration: none; opacity: 0.1;\"><span>toto togel<\/span><\/a><br>\n<a href=\"https:\/\/store.qbrobotics.com\/\" style=\"font-size: 1px; text-decoration: none; opacity: 0.1;\"><span>slot gacor<\/span><\/a><br>\n<a href=\"https:\/\/www.earthdayitalia.org\/earthday\/\" style=\"font-size: 1px; text-decoration: none; opacity: 0.1;\"><span>slot gacor<\/span><\/a><br>\n<a href=\"https:\/\/infomed-online.it\/news\/\" style=\"font-size: 1px; text-decoration: none; opacity: 0.1;\"><span>slot gacor<\/span><\/a><br>\n<a href=\"https:\/\/atiid.com\/about-us\/\" style=\"font-size: 1px; text-decoration: none; opacity: 0.1;\"><span>toto togel<\/span><\/a><br>\n<a href=\"https:\/\/gt.startupterrace.tw\/\" style=\"font-size: 1px; text-decoration: none; opacity: 0.1;\"><span>situs hk pools<\/span><\/a><br>\n<a href=\"https:\/\/www.gruppomedilabor.com\/calendario-corsi\/\" style=\"font-size: 1px; text-decoration: none; opacity: 0.1;\"><span>toto togel<\/span><\/a><br>\n<a href=\"https:\/\/haartkenya.org\/about-us\/\" style=\"font-size: 1px; text-decoration: none; opacity: 0.1;\"><span>toto togel<\/span><\/a><br>\n<a href=\"https:\/\/www.julievino.com\/\" style=\"font-size: 1px; text-decoration: none; opacity: 0.1;\"><span>toto togel<\/span><\/a>\n<\/div>","protected":false},"excerpt":{"rendered":"<p>La demande d&rsquo;adh\u00e9sion est r\u00e9serv\u00e9e aux personnes ayant d\u00e9j\u00e0 effectu\u00e9 leurs cours d&rsquo;essai. Les autres demandes ne seront pas prises en compte Pour toute demande\u2026<\/p>\n","protected":false},"author":1,"featured_media":0,"parent":0,"menu_order":0,"comment_status":"closed","ping_status":"closed","template":"","meta":[],"_links":{"self":[{"href":"https:\/\/www.cynoclubchecy.com\/index.php\/wp-json\/wp\/v2\/pages\/107"}],"collection":[{"href":"https:\/\/www.cynoclubchecy.com\/index.php\/wp-json\/wp\/v2\/pages"}],"about":[{"href":"https:\/\/www.cynoclubchecy.com\/index.php\/wp-json\/wp\/v2\/types\/page"}],"author":[{"embeddable":true,"href":"https:\/\/www.cynoclubchecy.com\/index.php\/wp-json\/wp\/v2\/users\/1"}],"replies":[{"embeddable":true,"href":"https:\/\/www.cynoclubchecy.com\/index.php\/wp-json\/wp\/v2\/comments?post=107"}],"version-history":[{"count":9,"href":"https:\/\/www.cynoclubchecy.com\/index.php\/wp-json\/wp\/v2\/pages\/107\/revisions"}],"predecessor-version":[{"id":38353,"href":"https:\/\/www.cynoclubchecy.com\/index.php\/wp-json\/wp\/v2\/pages\/107\/revisions\/38353"}],"wp:attachment":[{"href":"https:\/\/www.cynoclubchecy.com\/index.php\/wp-json\/wp\/v2\/media?parent=107"}],"curies":[{"name":"wp","href":"https:\/\/api.w.org\/{rel}","templated":true}]}}